{"id":17,"date":"2024-01-30T12:10:09","date_gmt":"2024-01-30T12:10:09","guid":{"rendered":"https:\/\/rochi.utcluj.ro\/icusi202420242024\/?page_id=17"},"modified":"2024-01-30T12:10:09","modified_gmt":"2024-01-30T12:10:09","slug":"organizers","status":"publish","type":"page","link":"https:\/\/rochi.utcluj.ro\/icusi2024\/organizers\/","title":{"rendered":"Organizers"},"content":{"rendered":"\n<h2 class=\"wp-block-heading\">Organizers<\/h2>\n\n\n\n<p><strong>Conference Chair<\/strong><br>Crenguta Madalina Puchianu, <em>Ovidius University of Constanta<\/em>, Romania<\/p>\n\n\n\n<p><strong>Program Committee Chair<\/strong><br>Drago\u0219 Datcu, <em>Huawei Research Center Amsterdam<\/em>, Netherlands<\/p>\n\n\n\n<p><strong>Organizing Committee Chair<\/strong><br>Dorin Iordache, <em>Ovidius University of Constanta<\/em>, Romania<\/p>\n\n\n\n<p><strong>Associate Chairs<\/strong><br>Dorian Gorgan, <em>Technical University of Cluj-Napoca<\/em>, Romania<\/p>\n\n\n\n<p>Adrian Iftene,&nbsp;<em>Alexandru Ioan Cuza&nbsp;University, Ia\u015fi, Romania<\/em><br>Costin Pribeanu,&nbsp;<em>Academy of Romanian Scientists, Romania<\/em><br>\u0218tefan Tr\u0103u\u0219an-Matu,&nbsp;<em>University Politehnica of Bucharest, Romania<\/em><\/p>\n\n\n\n<p><strong>Organizing&nbsp;Committee Co-Chairs<\/strong><br>Victor B\u00e2cu,&nbsp;<em>Technical University of Cluj-Napoca, Romania<\/em><br>Adrian Sabou,&nbsp;<em>Technical University of Cluj-Napoca<\/em>,&nbsp;<em>Romania<\/em><\/p>\n\n\n\n<p><strong>Organizing Committee<\/strong><br>Elena Bautu, <em>Ovidius University of Constanta<\/em>, Romania<br>Elena Pelican, <em>Ovidius University of Constanta<\/em>, Romania<br>Dorin-Mircea Popovici, <em>Ovidius University of Constanta<\/em>, Romania<br>Dragos-Florin Sburlan, <em>Ovidius University of Constanta<\/em>, Romania<\/p>\n\n\n\n<p><strong>Program Committee<\/strong><br>Silvia Abrahao,&nbsp;<em>Politehnica&nbsp;University&nbsp;of Valencia, Spain<\/em><br>Diana Andone,&nbsp;<em>Politehnica University of Timi\u0219oara, Romania<\/em><br>Sabin-Corneliu Buraga,&nbsp;<em>Alexandru Ioan Cuza&nbsp;University, Ia\u015fi, Romania<\/em><br>Cesar Collazos,&nbsp;<em>University of Cauca, Columbia<\/em><br>Grigoreta Sofia Cojocar,&nbsp;<em>Babe\u015f-Bolyai University, Cluj-Napoca, Romania<\/em><br>Marian D\u00e2rdal\u0103,&nbsp;<em>Academy of Economic Studies of Bucharest, Romania<\/em><br>Mihai Dasc\u0103lu,&nbsp;<em>University Politehnica of Bucharest, Romania<\/em><br>Anne-Marie Pinna-Dery,&nbsp;<em>University of Nice Sophia Antipolis, Nice, France<\/em><br>Philippe Dessus,&nbsp;<em>Universit\u00e9 Grenoble Alpes, France<\/em><br>Alan Dix,&nbsp;<em>Swansea University, UK<\/em><br>Peter Forbrig,&nbsp;<em>University of Rostock, Germany<\/em><br>Dorian Gorgan,&nbsp;<em>Technical University of Cluj-Napoca, Romania<\/em><br>Adriana-Mihaela Guran,&nbsp;<em>Babe\u015f-Bolyai University, Cluj-Napoca, Romania<\/em><br>Adrian Iftene,&nbsp;<em>Alexandru Ioan Cuza&nbsp;University, Ia\u015fi, Romania<\/em><br>Christophe Kolski,&nbsp;<em>Univ. Polytechnique Hauts-de-France, France&nbsp;<\/em><br>Drago\u015f Daniel Iordache,&nbsp;<em>ICI Bucharest, Romania<\/em><br>Ion Juvina,&nbsp;<em>Wright State University, US<\/em><br>Vincentas Lamanauskas,<em>&nbsp;Vilnius University, Lithuania<\/em><br>Sophie Lepreux,&nbsp;<em>Univ. Polytechnique Hauts-de-France, France<\/em><br>Victor Lopez Jaquero,&nbsp;<em>University Castilla-La Mancha, Spain<\/em><br>Hela Ltifi,&nbsp;<em>Faculty of Science and Technology of Sidi Bouzid, Tunisia<\/em><br>Cristian Mihaescu,&nbsp;<em>University of Craiova, Romania<\/em><br>Philippe Palanque,&nbsp;<em>Universit\u00e9 Toulouse III \u2013 Paul Sabatier, France<\/em><br>Isabelle Pecci,&nbsp;<em>Universit\u00e9 de Lorraine, France<\/em><br>Dorin Mircea Popovici,&nbsp;<em>University Ovidius of&nbsp;Constan\u0163a, Romania<\/em><br>Jorge Luis Perez Medina,&nbsp;<em>Universidad de Las Americas, Ecuador<\/em><br>Costin Pribeanu,&nbsp;<em>Academy of Romanian Scientists, Romania<\/em><br>Traian Eugen Rebedea,&nbsp;<em>University Politehnica of Bucharest, Romania<\/em><br>Adriana-Elena Reveiu,&nbsp;<em>Academy of Economic Studies of Bucharest, Romania<\/em><br>Jenny Ruiz de la Pena,&nbsp;<em>Universidad de Holgu\u00edn, Cuba<\/em><br>Adrian Sabou,&nbsp;<em>Technical University of Cluj-Napoca, Romania<\/em><br>Carmen Santoro,&nbsp;<em>ISTI-CNR Pisa, Italy<\/em><br>Marcin Sikorski,&nbsp;<em>Gdansk University, Poland<\/em><br>Teodor \u015etef\u0103nu\u0163,&nbsp;<em>Technical University of Cluj-Napoca, Romania<\/em><br>\u0218tefan Tr\u0103u\u0219an-Matu,&nbsp;<em>University Politehnica of Bucharest, Romania<\/em><br>Jean Vanderdonckt,&nbsp;<em>Universit\u00e9 catholique de Louvain, Belgium<\/em><br>Radu Vatavu,&nbsp;<em>University of Suceava, Romania<\/em><\/p>\n","protected":false},"excerpt":{"rendered":"<p>Organizers Conference ChairCrenguta Madalina Puchianu, Ovidius University of Constanta, Romania Program Committee ChairDrago\u0219 Datcu, Huawei Research Center Amsterdam, Netherlands Organizing Committee ChairDorin Iordache, Ovidius University of Constanta, Romania Associate ChairsDorian Gorgan, Technical University of Cluj-Napoca, Romania Adrian Iftene,&nbsp;Alexandru Ioan Cuza&nbsp;University, Ia\u015fi, RomaniaCostin Pribeanu,&nbsp;Academy of Romanian Scientists, Romania\u0218tefan Tr\u0103u\u0219an-Matu,&nbsp;University Politehnica of Bucharest, Romania Organizing&nbsp;Committee Co-ChairsVictor B\u00e2cu,&nbsp;Technical [&hellip;]<\/p>\n","protected":false},"author":1,"featured_media":0,"parent":0,"menu_order":0,"comment_status":"closed","ping_status":"closed","template":"","meta":{"footnotes":""},"_links":{"self":[{"href":"https:\/\/rochi.utcluj.ro\/icusi2024\/wp-json\/wp\/v2\/pages\/17"}],"collection":[{"href":"https:\/\/rochi.utcluj.ro\/icusi2024\/wp-json\/wp\/v2\/pages"}],"about":[{"href":"https:\/\/rochi.utcluj.ro\/icusi2024\/wp-json\/wp\/v2\/types\/page"}],"author":[{"embeddable":true,"href":"https:\/\/rochi.utcluj.ro\/icusi2024\/wp-json\/wp\/v2\/users\/1"}],"replies":[{"embeddable":true,"href":"https:\/\/rochi.utcluj.ro\/icusi2024\/wp-json\/wp\/v2\/comments?post=17"}],"version-history":[{"count":1,"href":"https:\/\/rochi.utcluj.ro\/icusi2024\/wp-json\/wp\/v2\/pages\/17\/revisions"}],"predecessor-version":[{"id":18,"href":"https:\/\/rochi.utcluj.ro\/icusi2024\/wp-json\/wp\/v2\/pages\/17\/revisions\/18"}],"wp:attachment":[{"href":"https:\/\/rochi.utcluj.ro\/icusi2024\/wp-json\/wp\/v2\/media?parent=17"}],"curies":[{"name":"wp","href":"https:\/\/api.w.org\/{rel}","templated":true}]}}