{"id":26,"date":"2024-01-30T18:52:45","date_gmt":"2024-01-30T18:52:45","guid":{"rendered":"https:\/\/rochi.utcluj.ro\/icusi202420242024\/?page_id=26"},"modified":"2024-08-30T09:35:41","modified_gmt":"2024-08-30T09:35:41","slug":"registration","status":"publish","type":"page","link":"https:\/\/rochi.utcluj.ro\/icusi2024\/registration\/","title":{"rendered":"Registration"},"content":{"rendered":"\n<h2 class=\"wp-block-heading\">Registration<\/h2>\n\n\n\n<p>Article publication in the conference proceedings will be completed only if at least one of the authors will pay the full registration fee, until&nbsp;<strong>September 4, 2024 <\/strong>(<s>July 20,&nbsp;2024<\/s>).<\/p>\n\n\n\n<figure class=\"wp-block-table\"><table><tbody><tr><td><strong>Description<\/strong><\/td><td><strong>EUR<\/strong><\/td><td><strong>RON<\/strong><\/td><\/tr><tr><td><strong>Full registration fee<\/strong><br><em>Includes: proceedings, program, coffee breaks, and conference dinner<\/em><\/td><td>100<\/td><td>500<\/td><\/tr><tr><td><strong>Registration fee for RoCHI members (with papers in RoCHI publications in the last 3 years)<\/strong><br><em>Includes: proceedings, program, coffee breaks, and conference dinner<\/em><\/td><td>70<\/td><td>350<\/td><\/tr><tr><td><strong>Registration fee for students<\/strong><br><em>Includes: program, coffee breaks and conference dinner.<\/em><\/td><td>50<\/td><td>250<\/td><\/tr><tr><td><strong>Online participation<\/strong><\/td><td>20<\/td><td>100<\/td><\/tr><tr><td><strong>Printed copy of the conference volume<\/strong><br><em>If a participant wants an additional conference volume, he\/she is asked to announce this in the payment confirmation message.<\/em><\/td><td>22<\/td><td>110<\/td><\/tr><tr><td><strong>Conference dinner for unregistered persons<\/strong><\/td><td>40<\/td><td>200<\/td><\/tr><\/tbody><\/table><\/figure>\n\n\n\n<h3 class=\"wp-block-heading\">Payment information:<\/h3>\n\n\n\n<p>For the payment details please mention \u201cICUSI2024 \u2013 [PaperID] \u2013 [LastName FirstName]\u201d.<br>For example:&nbsp;<em>ICUSI2024 \u2013 12 \u2013 POPESCU ION.<\/em><\/p>\n\n\n\n<p><strong>Name:<\/strong>&nbsp;UNIVERSITATEA OVIDIUS DIN CONSTANTA<br><strong>Fiscal registration number:<\/strong>&nbsp;4301332<br><strong>Address:<\/strong>&nbsp;Bdul. Mamaia, nr. 124, Constanta, ROMANIA<\/p>\n\n\n\n<p><strong>Bank account RON:<\/strong>&nbsp;RO24TREZ23120F365000XXXX<br><strong>Bank Name:<\/strong>&nbsp;Trezoreria Constanta<\/p>\n\n\n\n<p><strong>Bank account EUR:<\/strong>&nbsp;RO28RNCB0114032053160001<br><strong>Bank name:<\/strong>&nbsp;Banca Comercial\u0103 Rom\u00e2n\u0103,&nbsp; Suc. Constanta<br><strong>Bank address:<\/strong>&nbsp;Str. TRAIAN nr.68, Constanta, ROMANIA<br><strong>SWIFT code: RNCBROBU<\/strong><\/p>\n\n\n\n<h3 class=\"wp-block-heading\">Invoice information:<\/h3>\n\n\n\n<p>If a participant wants an additional conference volume, he\/she is asked to announce this in the payment confirmation message.<\/p>\n\n\n\n<p>Please send the payment confirmation at the email address:\u00a0<a>crenguta.puchianu@univ-ovidius.ro<\/a>.<\/p>\n","protected":false},"excerpt":{"rendered":"<p>Registration Article publication in the conference proceedings will be completed only if at least one of the authors will pay the full registration fee, until&nbsp;September 4, 2024 (July 20,&nbsp;2024). Description EUR RON Full registration feeIncludes: proceedings, program, coffee breaks, and conference dinner 100 500 Registration fee for RoCHI members (with papers in RoCHI publications in [&hellip;]<\/p>\n","protected":false},"author":1,"featured_media":0,"parent":0,"menu_order":0,"comment_status":"closed","ping_status":"closed","template":"","meta":{"footnotes":""},"_links":{"self":[{"href":"https:\/\/rochi.utcluj.ro\/icusi2024\/wp-json\/wp\/v2\/pages\/26"}],"collection":[{"href":"https:\/\/rochi.utcluj.ro\/icusi2024\/wp-json\/wp\/v2\/pages"}],"about":[{"href":"https:\/\/rochi.utcluj.ro\/icusi2024\/wp-json\/wp\/v2\/types\/page"}],"author":[{"embeddable":true,"href":"https:\/\/rochi.utcluj.ro\/icusi2024\/wp-json\/wp\/v2\/users\/1"}],"replies":[{"embeddable":true,"href":"https:\/\/rochi.utcluj.ro\/icusi2024\/wp-json\/wp\/v2\/comments?post=26"}],"version-history":[{"count":4,"href":"https:\/\/rochi.utcluj.ro\/icusi2024\/wp-json\/wp\/v2\/pages\/26\/revisions"}],"predecessor-version":[{"id":193,"href":"https:\/\/rochi.utcluj.ro\/icusi2024\/wp-json\/wp\/v2\/pages\/26\/revisions\/193"}],"wp:attachment":[{"href":"https:\/\/rochi.utcluj.ro\/icusi2024\/wp-json\/wp\/v2\/media?parent=26"}],"curies":[{"name":"wp","href":"https:\/\/api.w.org\/{rel}","templated":true}]}}