{"id":27,"date":"2024-11-11T10:22:39","date_gmt":"2024-11-11T10:22:39","guid":{"rendered":"https:\/\/rochi.utcluj.ro\/icusi\/?page_id=27"},"modified":"2026-02-03T19:29:01","modified_gmt":"2026-02-03T19:29:01","slug":"organizers","status":"publish","type":"page","link":"https:\/\/rochi.utcluj.ro\/icusi2025\/organizers\/","title":{"rendered":"Organizers"},"content":{"rendered":"\n<p><strong>Conference Chair<\/strong><br>Alex Moruz, <em>\u201cAlexandru Ioan Cuza\u201d University of Ia\u015fi, Romania<\/em><\/p>\n\n\n\n<p><strong>Program Committee Chair<\/strong><br>Cesar Collazos, <em>University of Cauca, Colombia<\/em><\/p>\n\n\n\n<p><strong>Organizing Committee Chair<\/strong><br>Vlad R\u0103dulescu, <em>\u201cAlexandru Ioan Cuza\u201d University of Ia\u015fi, Romania<\/em><\/p>\n\n\n\n<p><strong>Associate Chairs<\/strong><br>Dorian Gorgan, <em>Technical University of Cluj-Napoca<\/em>, Romania<br>Adrian Iftene,&nbsp;<em>Alexandru Ioan Cuza&nbsp;University, Ia\u015fi, Romania<\/em><br>Costin Pribeanu,&nbsp;<em>Academy of Romanian Scientists, Romania<\/em><br>\u0218tefan Tr\u0103u\u0219an-Matu,&nbsp;<em>University Politehnica of Bucharest, Romania<\/em><\/p>\n\n\n\n<p><strong>Organizing&nbsp;Committee<\/strong><br>\nAlex Moruz, <em>Alexandru Ioan Cuza\u201d University of Ia\u015fi, Romania <\/em> <br>\nVlad R\u0103dulescu, <em>Alexandru Ioan Cuza\u201d University of Ia\u015fi, Romania <\/em> <br>\nOana Captarencu, <em>Alexandru Ioan Cuza&nbsp;University, Ia\u015fi, Romania<\/em> <br>\nPanagiotis Chontas,  <em>Alexandru Ioan Cuza&nbsp;University, Ia\u015fi, Romania<\/em> \n<\/p>\n\n\n\n<p><strong>Program Committee<\/strong><br>Silvia Abrahao,\u00a0<em>Politehnica\u00a0University\u00a0of Valencia, Spain<\/em><br>Diana Andone,\u00a0<em>Politehnica University of Timi\u0219oara, Romania<\/em><br>Sabin-Corneliu Buraga,\u00a0<em>Alexandru Ioan Cuza\u00a0University, Ia\u015fi, Romania<\/em><br>Cesar Collazos,\u00a0<em>University of Cauca, Colombia<\/em><br>Gustavo Eduardo Constain Moreno,\u00a0<em>UNAD, Colombia<\/em><span style=\"caret-color: rgb(0, 0, 0); color: rgb(0, 0, 0); font-family: -webkit-standard; font-size: medium; white-space: normal;\"><\/span><br>Grigoreta Sofia Cojocar,\u00a0<em>Babe\u015f-Bolyai University, Cluj-Napoca, Romania<\/em><br>Marian D\u00e2rdal\u0103,\u00a0<em>Academy of Economic Studies of Bucharest, Romania<\/em><br>Mihai Dasc\u0103lu,\u00a0<em>University Politehnica of Bucharest, Romania<\/em><br>Anne-Marie Pinna-Dery,\u00a0<em>University of Nice Sophia Antipolis, Nice, France<\/em><br>Philippe Dessus,\u00a0<em>Universit\u00e9 Grenoble Alpes, France<\/em><br>Alan Dix,\u00a0<em>Swansea University, UK<\/em><br>Val\u00e9ria Farinazzo Martins,\u00a0<em>Universidade Presbiteriana Mackenzie, Brasil<\/em><br>Peter Forbrig, <em>University of Rostock, Germany<\/em><br>Juan Manuel Gonzalez-Calleros, <em>BUAP, Mexico<\/em><br>Dorian Gorgan, <em>Technical University of Cluj-Napoca, Romania<\/em><br>Adriana-Mihaela Guran, <em>Babe\u015f-Bolyai University, Cluj-Napoca, Romania<\/em><br>Adrian Iftene, <em>Alexandru Ioan Cuza University, Ia\u015fi, Romania<\/em><br>Christophe Kolski, <em>Univ. Polytechnique Hauts-de-France, France<\/em><br>Ion Juvina, <em>Wright State University, US<\/em><br>Vincentas Lamanauskas, <em>Vilnius University, Lithuania<\/em><br>Sophie Lepreux, <em>Univ. Polytechnique Hauts-de-France, France<\/em><br>Victor Lopez Jaquero, <em>University Castilla-La Mancha, Spain<\/em><br>Hela Ltifi, <em>Faculty of Science and Technology of Sidi Bouzid, Tunisia<\/em><br>Cristian Mihaescu, <em>University of Craiova, Romania<\/em><br>Philippe Palanque, <em>Universit\u00e9 Toulouse III \u2013 Paul Sabatier, France<\/em><br>Isabelle Pecci, <em>Universit\u00e9 de Lorraine, France<\/em><br>Dorin Mircea Popovici, <em>University Ovidius of Constan\u0163a, Romania<\/em><br>Jorge Luis Perez Medina, <em>Universidad de Las Americas, Ecuador<\/em><br>Costin Pribeanu, <em>Academy of Romanian Scientists, Romania<\/em><br>Traian Eugen Rebedea, <em>University Politehnica of Bucharest, Romania<\/em><br>Jenny Ruiz de la Pena, <em>Universidad de Holgu\u00edn, Cuba<\/em><br>Marcin Sikorski, <em>Gdansk University, Poland<\/em><br>Elena Susnea, <em>Carol I National Defence University, Romania<\/em><br>Christian Sturm, <em>Technical University of Ingolstadt, Germany<\/em><br>Teodor \u015etef\u0103nu\u0163, <em>Technical University of Cluj-Napoca, Romania<\/em><br>\u0218tefan Tr\u0103u\u0219an-Matu, <em>University Politehnica of Bucharest, Romania<\/em><br>Jean Vanderdonckt, <em>Universit\u00e9 catholique de Louvain, Belgium<\/em><br>Radu Vatavu, <em>University of Suceava, Romania<\/em><\/p>\n","protected":false},"excerpt":{"rendered":"<p>Conference ChairAlex Moruz, \u201cAlexandru Ioan Cuza\u201d University of Ia\u015fi, Romania Program Committee ChairCesar Collazos, University of Cauca, Colombia Organizing Committee ChairVlad R\u0103dulescu, \u201cAlexandru Ioan Cuza\u201d University of Ia\u015fi, Romania Associate ChairsDorian Gorgan, Technical University of Cluj-Napoca, RomaniaAdrian Iftene,&nbsp;Alexandru Ioan Cuza&nbsp;University, Ia\u015fi, RomaniaCostin Pribeanu,&nbsp;Academy of Romanian Scientists, Romania\u0218tefan Tr\u0103u\u0219an-Matu,&nbsp;University Politehnica of Bucharest, Romania Organizing&nbsp;Committee Alex Moruz, Alexandru Ioan Cuza\u201d University of Ia\u015fi, Romania Vlad R\u0103dulescu, Alexandru&hellip; <\/p>\n","protected":false},"author":1,"featured_media":0,"parent":0,"menu_order":0,"comment_status":"closed","ping_status":"closed","template":"","meta":{"footnotes":""},"class_list":["post-27","page","type-page","status-publish","hentry","clearfix"],"_links":{"self":[{"href":"https:\/\/rochi.utcluj.ro\/icusi2025\/wp-json\/wp\/v2\/pages\/27"}],"collection":[{"href":"https:\/\/rochi.utcluj.ro\/icusi2025\/wp-json\/wp\/v2\/pages"}],"about":[{"href":"https:\/\/rochi.utcluj.ro\/icusi2025\/wp-json\/wp\/v2\/types\/page"}],"author":[{"embeddable":true,"href":"https:\/\/rochi.utcluj.ro\/icusi2025\/wp-json\/wp\/v2\/users\/1"}],"replies":[{"embeddable":true,"href":"https:\/\/rochi.utcluj.ro\/icusi2025\/wp-json\/wp\/v2\/comments?post=27"}],"version-history":[{"count":8,"href":"https:\/\/rochi.utcluj.ro\/icusi2025\/wp-json\/wp\/v2\/pages\/27\/revisions"}],"predecessor-version":[{"id":352,"href":"https:\/\/rochi.utcluj.ro\/icusi2025\/wp-json\/wp\/v2\/pages\/27\/revisions\/352"}],"wp:attachment":[{"href":"https:\/\/rochi.utcluj.ro\/icusi2025\/wp-json\/wp\/v2\/media?parent=27"}],"curies":[{"name":"wp","href":"https:\/\/api.w.org\/{rel}","templated":true}]}}